{"id":208,"date":"2025-10-12T00:55:24","date_gmt":"2025-10-12T00:55:24","guid":{"rendered":"https:\/\/antaren.si\/?page_id=208"},"modified":"2025-11-20T20:07:04","modified_gmt":"2025-11-20T20:07:04","slug":"legal-notice","status":"publish","type":"page","link":"https:\/\/antaren.si\/en\/legal-notice\/","title":{"rendered":"Legal notice"},"content":{"rendered":"\t\t<div data-elementor-type=\"wp-page\" data-elementor-id=\"208\" class=\"elementor elementor-208\" data-elementor-post-type=\"page\">\n\t\t\t\t<div class=\"elementor-element elementor-element-9080a29 bg-container e-flex e-con-boxed e-con e-parent\" data-id=\"9080a29\" data-element_type=\"container\" data-settings=\"{&quot;background_background&quot;:&quot;classic&quot;}\">\n\t\t\t\t\t<div class=\"e-con-inner\">\n\t\t<div class=\"elementor-element elementor-element-4ef5bdd e-con-full e-flex e-con e-child\" data-id=\"4ef5bdd\" data-element_type=\"container\">\n\t\t\t\t<div class=\"elementor-element elementor-element-bd416ec elementor-widget elementor-widget-heading\" data-id=\"bd416ec\" data-element_type=\"widget\" data-widget_type=\"heading.default\">\n\t\t\t\t\t<h1 class=\"elementor-heading-title elementor-size-default\">Legal notice<\/h1>\t\t\t\t<\/div>\n\t\t\t\t<\/div>\n\t\t\t\t\t<\/div>\n\t\t\t\t<\/div>\n\t\t<div class=\"elementor-element elementor-element-b975d69 e-flex e-con-boxed e-con e-parent\" data-id=\"b975d69\" data-element_type=\"container\">\n\t\t\t\t\t<div class=\"e-con-inner\">\n\t\t\t\t<div class=\"elementor-element elementor-element-581bb57 elementor-widget elementor-widget-text-editor\" data-id=\"581bb57\" data-element_type=\"widget\" data-widget_type=\"text-editor.default\">\n\t\t\t\t\t\t\t\t\t<p><span style=\"font-weight: 400;\">This Legal Notice provides mandatory company information as required by Slovenian law and EU e-commerce regulations.<\/span><\/p><ul><li style=\"font-weight: 400;\" aria-level=\"1\"><span style=\"font-weight: 400;\">Company Name: Antaren d.o.o.\u00a0<\/span><\/li><li style=\"font-weight: 400;\" aria-level=\"1\"><span style=\"font-weight: 400;\">Registered Address: Metelkova 11, 1000 Ljubljana\u00a0<\/span><\/li><li style=\"font-weight: 400;\" aria-level=\"1\"><span style=\"font-weight: 400;\">Registration No.: 98985881000<\/span><\/li><li style=\"font-weight: 400;\" aria-level=\"1\"><span style=\"font-weight: 400;\">VAT ID: 93229305<\/span><\/li><li style=\"font-weight: 400;\" aria-level=\"1\"><span style=\"font-weight: 400;\">Email: <\/span><a href=\"mailto:info@antaren.si\"><span style=\"font-weight: 400;\">info@antaren.si<\/span><\/a><span style=\"font-weight: 400;\">\u00a0<\/span><\/li><li style=\"font-weight: 400;\" aria-level=\"1\"><span style=\"font-weight: 400;\">Company representatives: Ga\u0161per Anti\u010devi\u010d, Katja Jaki\u010d <\/span><\/li><\/ul>\t\t\t\t\t\t\t\t<\/div>\n\t\t\t\t\t<\/div>\n\t\t\t\t<\/div>\n\t\t\t\t<\/div>\n\t\t","protected":false},"excerpt":{"rendered":"<p>This Legal Notice provides mandatory company information as required by Slovenian law and EU e-commerce regulations. Company Name: Antaren d.o.o.\u00a0 Registered Address: Metelkova 11, 1000 Ljubljana\u00a0 Registration No.: 98985881000 VAT ID: 93229305 Email: info@antaren.si\u00a0 Company representatives: Ga\u0161per Anti\u010devi\u010d, Katja Jaki\u010d<\/p>\n","protected":false},"author":1,"featured_media":0,"parent":0,"menu_order":0,"comment_status":"closed","ping_status":"closed","template":"","meta":{"footnotes":""},"class_list":["post-208","page","type-page","status-publish","hentry"],"yoast_head":"<!-- This site is optimized with the Yoast SEO plugin v26.5 - https:\/\/yoast.com\/wordpress\/plugins\/seo\/ -->\n<title>Legal notice - Antaren<\/title>\n<meta name=\"robots\" content=\"index, follow, max-snippet:-1, max-image-preview:large, max-video-preview:-1\" \/>\n<link rel=\"canonical\" href=\"https:\/\/antaren.si\/en\/legal-notice\/\" \/>\n<meta property=\"og:locale\" content=\"en_US\" \/>\n<meta property=\"og:type\" content=\"article\" \/>\n<meta property=\"og:title\" content=\"Legal notice - Antaren\" \/>\n<meta property=\"og:description\" content=\"This Legal Notice provides mandatory company information as required by Slovenian law and EU e-commerce regulations. Company Name: Antaren d.o.o.\u00a0 Registered Address: Metelkova 11, 1000 Ljubljana\u00a0 Registration No.: 98985881000 VAT ID: 93229305 Email: info@antaren.si\u00a0 Company representatives: Ga\u0161per Anti\u010devi\u010d, Katja Jaki\u010d\" \/>\n<meta property=\"og:url\" content=\"https:\/\/antaren.si\/en\/legal-notice\/\" \/>\n<meta property=\"og:site_name\" content=\"Antaren\" \/>\n<meta property=\"article:modified_time\" content=\"2025-11-20T20:07:04+00:00\" \/>\n<meta name=\"twitter:card\" content=\"summary_large_image\" \/>\n<script type=\"application\/ld+json\" class=\"yoast-schema-graph\">{\"@context\":\"https:\/\/schema.org\",\"@graph\":[{\"@type\":\"WebPage\",\"@id\":\"https:\/\/antaren.si\/en\/legal-notice\/\",\"url\":\"https:\/\/antaren.si\/en\/legal-notice\/\",\"name\":\"Legal notice - Antaren\",\"isPartOf\":{\"@id\":\"https:\/\/antaren.si\/en\/#website\"},\"datePublished\":\"2025-10-12T00:55:24+00:00\",\"dateModified\":\"2025-11-20T20:07:04+00:00\",\"breadcrumb\":{\"@id\":\"https:\/\/antaren.si\/en\/legal-notice\/#breadcrumb\"},\"inLanguage\":\"en-US\",\"potentialAction\":[{\"@type\":\"ReadAction\",\"target\":[\"https:\/\/antaren.si\/en\/legal-notice\/\"]}]},{\"@type\":\"BreadcrumbList\",\"@id\":\"https:\/\/antaren.si\/en\/legal-notice\/#breadcrumb\",\"itemListElement\":[{\"@type\":\"ListItem\",\"position\":1,\"name\":\"Home\",\"item\":\"https:\/\/antaren.si\/en\/\"},{\"@type\":\"ListItem\",\"position\":2,\"name\":\"Legal notice\"}]},{\"@type\":\"WebSite\",\"@id\":\"https:\/\/antaren.si\/en\/#website\",\"url\":\"https:\/\/antaren.si\/en\/\",\"name\":\"Antaren\",\"description\":\"Powering the future of energy\",\"publisher\":{\"@id\":\"https:\/\/antaren.si\/en\/#organization\"},\"potentialAction\":[{\"@type\":\"SearchAction\",\"target\":{\"@type\":\"EntryPoint\",\"urlTemplate\":\"https:\/\/antaren.si\/en\/?s={search_term_string}\"},\"query-input\":{\"@type\":\"PropertyValueSpecification\",\"valueRequired\":true,\"valueName\":\"search_term_string\"}}],\"inLanguage\":\"en-US\"},{\"@type\":\"Organization\",\"@id\":\"https:\/\/antaren.si\/en\/#organization\",\"name\":\"Antaren\",\"url\":\"https:\/\/antaren.si\/en\/\",\"logo\":{\"@type\":\"ImageObject\",\"inLanguage\":\"en-US\",\"@id\":\"https:\/\/antaren.si\/en\/#\/schema\/logo\/image\/\",\"url\":\"https:\/\/antaren.si\/wp-content\/uploads\/2025\/10\/antaren.png\",\"contentUrl\":\"https:\/\/antaren.si\/wp-content\/uploads\/2025\/10\/antaren.png\",\"width\":491,\"height\":77,\"caption\":\"Antaren\"},\"image\":{\"@id\":\"https:\/\/antaren.si\/en\/#\/schema\/logo\/image\/\"}}]}<\/script>\n<!-- \/ Yoast SEO plugin. -->","yoast_head_json":{"title":"Legal notice - Antaren","robots":{"index":"index","follow":"follow","max-snippet":"max-snippet:-1","max-image-preview":"max-image-preview:large","max-video-preview":"max-video-preview:-1"},"canonical":"https:\/\/antaren.si\/en\/legal-notice\/","og_locale":"en_US","og_type":"article","og_title":"Legal notice - Antaren","og_description":"This Legal Notice provides mandatory company information as required by Slovenian law and EU e-commerce regulations. Company Name: Antaren d.o.o.\u00a0 Registered Address: Metelkova 11, 1000 Ljubljana\u00a0 Registration No.: 98985881000 VAT ID: 93229305 Email: info@antaren.si\u00a0 Company representatives: Ga\u0161per Anti\u010devi\u010d, Katja Jaki\u010d","og_url":"https:\/\/antaren.si\/en\/legal-notice\/","og_site_name":"Antaren","article_modified_time":"2025-11-20T20:07:04+00:00","twitter_card":"summary_large_image","schema":{"@context":"https:\/\/schema.org","@graph":[{"@type":"WebPage","@id":"https:\/\/antaren.si\/en\/legal-notice\/","url":"https:\/\/antaren.si\/en\/legal-notice\/","name":"Legal notice - Antaren","isPartOf":{"@id":"https:\/\/antaren.si\/en\/#website"},"datePublished":"2025-10-12T00:55:24+00:00","dateModified":"2025-11-20T20:07:04+00:00","breadcrumb":{"@id":"https:\/\/antaren.si\/en\/legal-notice\/#breadcrumb"},"inLanguage":"en-US","potentialAction":[{"@type":"ReadAction","target":["https:\/\/antaren.si\/en\/legal-notice\/"]}]},{"@type":"BreadcrumbList","@id":"https:\/\/antaren.si\/en\/legal-notice\/#breadcrumb","itemListElement":[{"@type":"ListItem","position":1,"name":"Home","item":"https:\/\/antaren.si\/en\/"},{"@type":"ListItem","position":2,"name":"Legal notice"}]},{"@type":"WebSite","@id":"https:\/\/antaren.si\/en\/#website","url":"https:\/\/antaren.si\/en\/","name":"Antaren","description":"Powering the future of energy","publisher":{"@id":"https:\/\/antaren.si\/en\/#organization"},"potentialAction":[{"@type":"SearchAction","target":{"@type":"EntryPoint","urlTemplate":"https:\/\/antaren.si\/en\/?s={search_term_string}"},"query-input":{"@type":"PropertyValueSpecification","valueRequired":true,"valueName":"search_term_string"}}],"inLanguage":"en-US"},{"@type":"Organization","@id":"https:\/\/antaren.si\/en\/#organization","name":"Antaren","url":"https:\/\/antaren.si\/en\/","logo":{"@type":"ImageObject","inLanguage":"en-US","@id":"https:\/\/antaren.si\/en\/#\/schema\/logo\/image\/","url":"https:\/\/antaren.si\/wp-content\/uploads\/2025\/10\/antaren.png","contentUrl":"https:\/\/antaren.si\/wp-content\/uploads\/2025\/10\/antaren.png","width":491,"height":77,"caption":"Antaren"},"image":{"@id":"https:\/\/antaren.si\/en\/#\/schema\/logo\/image\/"}}]}},"_links":{"self":[{"href":"https:\/\/antaren.si\/en\/wp-json\/wp\/v2\/pages\/208","targetHints":{"allow":["GET"]}}],"collection":[{"href":"https:\/\/antaren.si\/en\/wp-json\/wp\/v2\/pages"}],"about":[{"href":"https:\/\/antaren.si\/en\/wp-json\/wp\/v2\/types\/page"}],"author":[{"embeddable":true,"href":"https:\/\/antaren.si\/en\/wp-json\/wp\/v2\/users\/1"}],"replies":[{"embeddable":true,"href":"https:\/\/antaren.si\/en\/wp-json\/wp\/v2\/comments?post=208"}],"version-history":[{"count":10,"href":"https:\/\/antaren.si\/en\/wp-json\/wp\/v2\/pages\/208\/revisions"}],"predecessor-version":[{"id":345,"href":"https:\/\/antaren.si\/en\/wp-json\/wp\/v2\/pages\/208\/revisions\/345"}],"wp:attachment":[{"href":"https:\/\/antaren.si\/en\/wp-json\/wp\/v2\/media?parent=208"}],"curies":[{"name":"wp","href":"https:\/\/api.w.org\/{rel}","templated":true}]}}